{"id":265,"date":"2025-06-10T13:28:28","date_gmt":"2025-06-10T13:28:28","guid":{"rendered":"https:\/\/www.mielterresfroides.fr\/?post_type=product&#038;p=265"},"modified":"2025-06-24T14:14:04","modified_gmt":"2025-06-24T14:14:04","slug":"miel-en-breche-145-g","status":"publish","type":"product","link":"https:\/\/www.mielterresfroides.fr\/index.php\/produit\/miel-en-breche-145-g\/","title":{"rendered":"Miel en Br\u00e8che &#8211; 145 g"},"content":{"rendered":"<p>Le<span>\u00a0<\/span><strong>miel en br\u00e8che<\/strong><span>\u00a0<\/span>est le miel brut de ruche. Sorti tel quel de la ruche sans aucune transformation.<\/p>\n<p>Cire enti\u00e8rement faite par les abeilles.<\/p>\n<p>A consommer avec la cuill\u00e8re ou \u00e0 croquer.<\/p>\n<p>Miel r\u00e9colt\u00e9 par l&rsquo;apiculteur R\u00e9colte issue des coteaux de<span>\u00a0<\/span><strong>la C\u00f4te Saint Andr\u00e9.<\/strong><\/p>\n<p><span>Le saviez vous ?<\/span>\u00a0Les abeilles doivent r\u00e9colter 7 kg de miel pour fabriquer 1 kg de cire.<strong><\/strong><\/p>\n<p>Boite de 145 gr<\/p>\n","protected":false},"excerpt":{"rendered":"<p>Le\u00a0miel en br\u00e8che\u00a0est le miel brut de ruche. Sorti tel quel de la ruche sans aucune transformation. Cire enti\u00e8rement faite par les abeilles. A consommer avec la cuill\u00e8re ou \u00e0 croquer. Miel r\u00e9colt\u00e9 par l&rsquo;apiculteur R\u00e9colte issue des coteaux de\u00a0la C\u00f4te Saint Andr\u00e9. Le saviez vous ?\u00a0Les abeilles doivent r\u00e9colter [&hellip;]<\/p>\n","protected":false},"featured_media":266,"comment_status":"open","ping_status":"closed","template":"","meta":{"_themeisle_gutenberg_block_has_review":false},"product_brand":[],"product_cat":[22],"product_tag":[],"class_list":{"0":"post-265","1":"product","2":"type-product","3":"status-publish","4":"has-post-thumbnail","6":"product_cat-miel","8":"first","9":"instock","10":"taxable","11":"shipping-taxable","12":"product-type-simple"},"_links":{"self":[{"href":"https:\/\/www.mielterresfroides.fr\/index.php\/wp-json\/wp\/v2\/product\/265","targetHints":{"allow":["GET"]}}],"collection":[{"href":"https:\/\/www.mielterresfroides.fr\/index.php\/wp-json\/wp\/v2\/product"}],"about":[{"href":"https:\/\/www.mielterresfroides.fr\/index.php\/wp-json\/wp\/v2\/types\/product"}],"replies":[{"embeddable":true,"href":"https:\/\/www.mielterresfroides.fr\/index.php\/wp-json\/wp\/v2\/comments?post=265"}],"wp:featuredmedia":[{"embeddable":true,"href":"https:\/\/www.mielterresfroides.fr\/index.php\/wp-json\/wp\/v2\/media\/266"}],"wp:attachment":[{"href":"https:\/\/www.mielterresfroides.fr\/index.php\/wp-json\/wp\/v2\/media?parent=265"}],"wp:term":[{"taxonomy":"product_brand","embeddable":true,"href":"https:\/\/www.mielterresfroides.fr\/index.php\/wp-json\/wp\/v2\/product_brand?post=265"},{"taxonomy":"product_cat","embeddable":true,"href":"https:\/\/www.mielterresfroides.fr\/index.php\/wp-json\/wp\/v2\/product_cat?post=265"},{"taxonomy":"product_tag","embeddable":true,"href":"https:\/\/www.mielterresfroides.fr\/index.php\/wp-json\/wp\/v2\/product_tag?post=265"}],"curies":[{"name":"wp","href":"https:\/\/api.w.org\/{rel}","templated":true}]}}