{"id":263,"date":"2025-06-10T12:59:51","date_gmt":"2025-06-10T12:59:51","guid":{"rendered":"https:\/\/www.mielterresfroides.fr\/?post_type=product&#038;p=263"},"modified":"2025-06-25T07:43:33","modified_gmt":"2025-06-25T07:43:33","slug":"atelier-decouverte-2","status":"publish","type":"product","link":"https:\/\/www.mielterresfroides.fr\/index.php\/produit\/atelier-decouverte-2\/","title":{"rendered":"Atelier &#8211; D\u00e9couverte"},"content":{"rendered":"<p><span><strong>Atelier d&rsquo;apiculture pour d\u00e9butant<\/strong><\/span><\/p>\n<p><span>Nous contacter pour convenir d&rsquo;une date et des horaires.<\/span><\/p>\n<p>Venez<span>\u00a0<\/span><strong>d\u00e9couvrir le monde des abeilles<\/strong><span>\u00a0<\/span>seul ou en famille !<\/p>\n<p><span>Au programme :<\/span><\/p>\n<p>&#8211; Un peu de th\u00e9orie sur<strong><span>\u00a0<\/span>la vie de la ruche,<\/strong><\/p>\n<p>&#8211; Pratique : Ouverture de la<span>\u00a0<\/span><strong>ruche, manipulation et rechercher la reine.<\/strong><\/p>\n<p>Les dates des ateliers seront disponibles au printemps mais il vous est d\u00e9j\u00e0 possible de r\u00e9server un atelier !<\/p>\n<p><em>Prix par personne.<br \/>\n<\/em><em>Enfant \u00e0 partir de 7 ans.<\/em><\/p>\n","protected":false},"excerpt":{"rendered":"<p>Atelier d&rsquo;apiculture pour d\u00e9butant Nous contacter pour convenir d&rsquo;une date et des horaires. Venez\u00a0d\u00e9couvrir le monde des abeilles\u00a0seul ou en famille ! Au programme : &#8211; Un peu de th\u00e9orie sur\u00a0la vie de la ruche, &#8211; Pratique : Ouverture de la\u00a0ruche, manipulation et rechercher la reine. Les dates des ateliers [&hellip;]<\/p>\n","protected":false},"featured_media":363,"comment_status":"open","ping_status":"closed","template":"","meta":{"_themeisle_gutenberg_block_has_review":false},"product_brand":[],"product_cat":[21],"product_tag":[],"class_list":{"0":"post-263","1":"product","2":"type-product","3":"status-publish","4":"has-post-thumbnail","6":"product_cat-atelier","8":"first","9":"instock","10":"virtual","11":"taxable","12":"purchasable","13":"product-type-simple"},"_links":{"self":[{"href":"https:\/\/www.mielterresfroides.fr\/index.php\/wp-json\/wp\/v2\/product\/263","targetHints":{"allow":["GET"]}}],"collection":[{"href":"https:\/\/www.mielterresfroides.fr\/index.php\/wp-json\/wp\/v2\/product"}],"about":[{"href":"https:\/\/www.mielterresfroides.fr\/index.php\/wp-json\/wp\/v2\/types\/product"}],"replies":[{"embeddable":true,"href":"https:\/\/www.mielterresfroides.fr\/index.php\/wp-json\/wp\/v2\/comments?post=263"}],"wp:featuredmedia":[{"embeddable":true,"href":"https:\/\/www.mielterresfroides.fr\/index.php\/wp-json\/wp\/v2\/media\/363"}],"wp:attachment":[{"href":"https:\/\/www.mielterresfroides.fr\/index.php\/wp-json\/wp\/v2\/media?parent=263"}],"wp:term":[{"taxonomy":"product_brand","embeddable":true,"href":"https:\/\/www.mielterresfroides.fr\/index.php\/wp-json\/wp\/v2\/product_brand?post=263"},{"taxonomy":"product_cat","embeddable":true,"href":"https:\/\/www.mielterresfroides.fr\/index.php\/wp-json\/wp\/v2\/product_cat?post=263"},{"taxonomy":"product_tag","embeddable":true,"href":"https:\/\/www.mielterresfroides.fr\/index.php\/wp-json\/wp\/v2\/product_tag?post=263"}],"curies":[{"name":"wp","href":"https:\/\/api.w.org\/{rel}","templated":true}]}}