{"id":260,"date":"2025-06-10T12:51:11","date_gmt":"2025-06-10T12:51:11","guid":{"rendered":"https:\/\/www.mielterresfroides.fr\/?post_type=product&#038;p=260"},"modified":"2025-06-24T10:06:47","modified_gmt":"2025-06-24T10:06:47","slug":"atelier-decouverte","status":"publish","type":"product","link":"https:\/\/www.mielterresfroides.fr\/index.php\/produit\/atelier-decouverte\/","title":{"rendered":"Atelier &#8211; Traitement Hivernal"},"content":{"rendered":"<p><span><strong>Atelier d&rsquo;apiculture pour d\u00e9butant<\/strong><\/span><\/p>\n<p><span>Nous contacter pour convenir d&rsquo;une date et des horaires.<\/span><\/p>\n<p>Aux abeilles Alpines vous propose un<span>\u00a0<\/span><strong>atelier d&rsquo;apiculture<\/strong><span>\u00a0<\/span>traitement hivernal en d\u00e9cembre.<\/p>\n<p><span>Nous contacter pour convenir d&rsquo;une date et des horaires selon m\u00e9t\u00e9o.<\/span><\/p>\n<p>Les premi\u00e8res gel\u00e9es sont arriv\u00e9es et il est important de faire baisser la pression du<span>\u00a0<\/span><strong>varroa<\/strong><span>\u00a0<\/span>afin de retrouver des colonies en bonne sant\u00e9 d\u00e8s le printemps.<\/p>\n<p>De la th\u00e9orie \u00e0 la pratique, nous r\u00e9pondrons \u00e0 toutes vos questions.<\/p>\n<p>Nous verrons les sujets suivants :<\/p>\n<ul>\n<li>Appliquer le<span>\u00a0<\/span><strong>traitement hivernal<\/strong><\/li>\n<li>Comment<span>\u00a0<\/span><strong>nourrir les abeilles<\/strong><\/li>\n<\/ul>\n<p><i>Les dates des ateliers peuvent changer en fonction de la m\u00e9t\u00e9o.<\/i><span><\/span><\/p>\n<p><em>Inscription via le site internet, par t\u00e9l\u00e9phone ou par mail.<br \/>\n<\/em><\/p>\n<p><em>Nombre de places tr\u00e8s limit\u00e9es.<\/em><\/p>\n<p><i>En cas d&rsquo;absence, aucun remboursement ne sera effectu\u00e9, sauf en cas de force majeure.<\/i><\/p>\n","protected":false},"excerpt":{"rendered":"<p>Atelier d&rsquo;apiculture pour d\u00e9butant Nous contacter pour convenir d&rsquo;une date et des horaires. Aux abeilles Alpines vous propose un\u00a0atelier d&rsquo;apiculture\u00a0traitement hivernal en d\u00e9cembre. Nous contacter pour convenir d&rsquo;une date et des horaires selon m\u00e9t\u00e9o. Les premi\u00e8res gel\u00e9es sont arriv\u00e9es et il est important de faire baisser la pression du\u00a0varroa\u00a0afin de [&hellip;]<\/p>\n","protected":false},"featured_media":340,"comment_status":"open","ping_status":"closed","template":"","meta":{"_themeisle_gutenberg_block_has_review":false},"product_brand":[],"product_cat":[21],"product_tag":[],"class_list":{"0":"post-260","1":"product","2":"type-product","3":"status-publish","4":"has-post-thumbnail","6":"product_cat-atelier","8":"first","9":"instock","10":"virtual","11":"taxable","12":"purchasable","13":"product-type-simple"},"_links":{"self":[{"href":"https:\/\/www.mielterresfroides.fr\/index.php\/wp-json\/wp\/v2\/product\/260","targetHints":{"allow":["GET"]}}],"collection":[{"href":"https:\/\/www.mielterresfroides.fr\/index.php\/wp-json\/wp\/v2\/product"}],"about":[{"href":"https:\/\/www.mielterresfroides.fr\/index.php\/wp-json\/wp\/v2\/types\/product"}],"replies":[{"embeddable":true,"href":"https:\/\/www.mielterresfroides.fr\/index.php\/wp-json\/wp\/v2\/comments?post=260"}],"wp:featuredmedia":[{"embeddable":true,"href":"https:\/\/www.mielterresfroides.fr\/index.php\/wp-json\/wp\/v2\/media\/340"}],"wp:attachment":[{"href":"https:\/\/www.mielterresfroides.fr\/index.php\/wp-json\/wp\/v2\/media?parent=260"}],"wp:term":[{"taxonomy":"product_brand","embeddable":true,"href":"https:\/\/www.mielterresfroides.fr\/index.php\/wp-json\/wp\/v2\/product_brand?post=260"},{"taxonomy":"product_cat","embeddable":true,"href":"https:\/\/www.mielterresfroides.fr\/index.php\/wp-json\/wp\/v2\/product_cat?post=260"},{"taxonomy":"product_tag","embeddable":true,"href":"https:\/\/www.mielterresfroides.fr\/index.php\/wp-json\/wp\/v2\/product_tag?post=260"}],"curies":[{"name":"wp","href":"https:\/\/api.w.org\/{rel}","templated":true}]}}