{"id":254,"date":"2025-06-10T12:41:40","date_gmt":"2025-06-10T12:41:40","guid":{"rendered":"https:\/\/www.mielterresfroides.fr\/?post_type=product&#038;p=254"},"modified":"2025-06-24T10:03:15","modified_gmt":"2025-06-24T10:03:15","slug":"atelier-visite-de-printemps","status":"publish","type":"product","link":"https:\/\/www.mielterresfroides.fr\/index.php\/produit\/atelier-visite-de-printemps\/","title":{"rendered":"Atelier &#8211; Visite de Printemps"},"content":{"rendered":"<p><span>Aux abeilles Alpines vous propose\u00a0<strong>un atelier d&rsquo;apiculture\u00a0<\/strong>visite de printemps.<\/span><\/p>\n<p>Ca y est les<span>\u00a0<\/span><strong>abeilles<\/strong><span>\u00a0<\/span>entrent et sortent toute la journ\u00e9e et les temp\u00e9ratures se radoucissent. Il est temps de faire un \u00e9tat des lieu de sa ruche.<\/p>\n<p>De la th\u00e9orie \u00e0 la pratique, nous r\u00e9pondrons \u00e0 toutes vos questions.<\/p>\n<p>Nous verrons les th\u00e8mes suivants :<\/p>\n<ul>\n<li>Essayer de recentrer le<span>\u00a0<\/span><strong>couvain<\/strong><span>\u00a0<\/span>pour un meilleur d\u00e9veloppement,<\/li>\n<li>Evaluer les r\u00e9serves,<\/li>\n<li>Evaluer le<span>\u00a0<\/span><strong>nombre de cadres de couvain<\/strong><span>\u00a0<\/span>ouverts et ferm\u00e9s,<\/li>\n<li><strong>Trouver la reine et la marquer<\/strong><span>\u00a0<\/span>si ce n\u2019est pas d\u00e9j\u00e0 fait,<\/li>\n<li>Evaluer la pression du<span>\u00a0<\/span><strong>varroa<\/strong>.<\/li>\n<\/ul>\n<p><span>Nous contacter pour convenir d&rsquo;une date et des horaires.<\/span><\/p>\n<p><i>Les dates des ateliers peuvent changer en fonction de la m\u00e9t\u00e9o.<\/i><span>\u00a0<\/span><em><\/em><\/p>\n<p><em>Inscription via le site internet, par t\u00e9l\u00e9phone ou par mail.<\/em><\/p>\n<p><em>Nombre de places tr\u00e8s limit\u00e9es.<\/em><\/p>\n<p><i>En cas d&rsquo;absence, aucun\u00a0remboursement\u00a0ne sera effectu\u00e9, sauf en cas de force majeure.<\/i><\/p>\n","protected":false},"excerpt":{"rendered":"<p>Aux abeilles Alpines vous propose\u00a0un atelier d&rsquo;apiculture\u00a0visite de printemps. Ca y est les\u00a0abeilles\u00a0entrent et sortent toute la journ\u00e9e et les temp\u00e9ratures se radoucissent. Il est temps de faire un \u00e9tat des lieu de sa ruche. De la th\u00e9orie \u00e0 la pratique, nous r\u00e9pondrons \u00e0 toutes vos questions. Nous verrons les [&hellip;]<\/p>\n","protected":false},"featured_media":337,"comment_status":"open","ping_status":"closed","template":"","meta":{"_themeisle_gutenberg_block_has_review":false},"product_brand":[],"product_cat":[21],"product_tag":[],"class_list":{"0":"post-254","1":"product","2":"type-product","3":"status-publish","4":"has-post-thumbnail","6":"product_cat-atelier","8":"first","9":"instock","10":"virtual","11":"taxable","12":"purchasable","13":"product-type-simple"},"_links":{"self":[{"href":"https:\/\/www.mielterresfroides.fr\/index.php\/wp-json\/wp\/v2\/product\/254","targetHints":{"allow":["GET"]}}],"collection":[{"href":"https:\/\/www.mielterresfroides.fr\/index.php\/wp-json\/wp\/v2\/product"}],"about":[{"href":"https:\/\/www.mielterresfroides.fr\/index.php\/wp-json\/wp\/v2\/types\/product"}],"replies":[{"embeddable":true,"href":"https:\/\/www.mielterresfroides.fr\/index.php\/wp-json\/wp\/v2\/comments?post=254"}],"wp:featuredmedia":[{"embeddable":true,"href":"https:\/\/www.mielterresfroides.fr\/index.php\/wp-json\/wp\/v2\/media\/337"}],"wp:attachment":[{"href":"https:\/\/www.mielterresfroides.fr\/index.php\/wp-json\/wp\/v2\/media?parent=254"}],"wp:term":[{"taxonomy":"product_brand","embeddable":true,"href":"https:\/\/www.mielterresfroides.fr\/index.php\/wp-json\/wp\/v2\/product_brand?post=254"},{"taxonomy":"product_cat","embeddable":true,"href":"https:\/\/www.mielterresfroides.fr\/index.php\/wp-json\/wp\/v2\/product_cat?post=254"},{"taxonomy":"product_tag","embeddable":true,"href":"https:\/\/www.mielterresfroides.fr\/index.php\/wp-json\/wp\/v2\/product_tag?post=254"}],"curies":[{"name":"wp","href":"https:\/\/api.w.org\/{rel}","templated":true}]}}