{"id":243,"date":"2025-06-10T11:47:33","date_gmt":"2025-06-10T11:47:33","guid":{"rendered":"https:\/\/www.mielterresfroides.fr\/?post_type=product&#038;p=243"},"modified":"2025-06-10T13:35:19","modified_gmt":"2025-06-10T13:35:19","slug":"miel-de-lavande-1kg","status":"publish","type":"product","link":"https:\/\/www.mielterresfroides.fr\/index.php\/produit\/miel-de-lavande-1kg\/","title":{"rendered":"Miel de Lavande &#8211; 1kg"},"content":{"rendered":"<p data-start=\"138\" data-end=\"389\">R\u00e9colt\u00e9 en \u00e9t\u00e9, ce miel de lavande offre une couleur dor\u00e9e claire et un parfum d\u00e9licatement floral, avec des notes douces et l\u00e9g\u00e8rement fruit\u00e9es. Sa texture onctueuse et son go\u00fbt subtil en font un miel \u00e9l\u00e9gant, appr\u00e9ci\u00e9 pour sa finesse et sa l\u00e9g\u00e8ret\u00e9.<\/p>\n<p data-start=\"391\" data-end=\"565\">Id\u00e9al pour sucrer vos th\u00e9s, accompagner vos desserts ou agr\u00e9menter vos recettes sucr\u00e9es-sal\u00e9es, il capture toute la fra\u00eecheur et la chaleur des champs de lavande ensoleill\u00e9s.<\/p>\n<p data-start=\"567\" data-end=\"631\">Un miel raffin\u00e9, parfait pour les amateurs de saveurs d\u00e9licates.<\/p>\n","protected":false},"excerpt":{"rendered":"<p data-start=\"680\" data-end=\"712\">Un miel dor\u00e9, floral et d\u00e9licat.<\/p>\n<p data-start=\"714\" data-end=\"750\">Id\u00e9al pour th\u00e9, desserts ou cuisine.<\/p>\n<p data-start=\"752\" data-end=\"793\" data-is-last-node=\"\" data-is-only-node=\"\">La douceur des champs de lavande en pot !<\/p>\n","protected":false},"featured_media":244,"comment_status":"open","ping_status":"closed","template":"","meta":{"_themeisle_gutenberg_block_has_review":false},"product_brand":[],"product_cat":[22],"product_tag":[20],"class_list":{"0":"post-243","1":"product","2":"type-product","3":"status-publish","4":"has-post-thumbnail","6":"product_cat-miel","7":"product_tag-miel","9":"first","10":"outofstock","11":"taxable","12":"shipping-taxable","13":"purchasable","14":"product-type-simple"},"_links":{"self":[{"href":"https:\/\/www.mielterresfroides.fr\/index.php\/wp-json\/wp\/v2\/product\/243","targetHints":{"allow":["GET"]}}],"collection":[{"href":"https:\/\/www.mielterresfroides.fr\/index.php\/wp-json\/wp\/v2\/product"}],"about":[{"href":"https:\/\/www.mielterresfroides.fr\/index.php\/wp-json\/wp\/v2\/types\/product"}],"replies":[{"embeddable":true,"href":"https:\/\/www.mielterresfroides.fr\/index.php\/wp-json\/wp\/v2\/comments?post=243"}],"wp:featuredmedia":[{"embeddable":true,"href":"https:\/\/www.mielterresfroides.fr\/index.php\/wp-json\/wp\/v2\/media\/244"}],"wp:attachment":[{"href":"https:\/\/www.mielterresfroides.fr\/index.php\/wp-json\/wp\/v2\/media?parent=243"}],"wp:term":[{"taxonomy":"product_brand","embeddable":true,"href":"https:\/\/www.mielterresfroides.fr\/index.php\/wp-json\/wp\/v2\/product_brand?post=243"},{"taxonomy":"product_cat","embeddable":true,"href":"https:\/\/www.mielterresfroides.fr\/index.php\/wp-json\/wp\/v2\/product_cat?post=243"},{"taxonomy":"product_tag","embeddable":true,"href":"https:\/\/www.mielterresfroides.fr\/index.php\/wp-json\/wp\/v2\/product_tag?post=243"}],"curies":[{"name":"wp","href":"https:\/\/api.w.org\/{rel}","templated":true}]}}