{"id":229,"date":"2025-06-10T10:25:02","date_gmt":"2025-06-10T10:25:02","guid":{"rendered":"https:\/\/www.mielterresfroides.fr\/?post_type=product&#038;p=229"},"modified":"2025-06-10T13:33:23","modified_gmt":"2025-06-10T13:33:23","slug":"miel-dacacia-500-g","status":"publish","type":"product","link":"https:\/\/www.mielterresfroides.fr\/index.php\/produit\/miel-dacacia-500-g\/","title":{"rendered":"Miel d&rsquo;Acacia &#8211; 500 g"},"content":{"rendered":"<p data-start=\"136\" data-end=\"432\">R\u00e9colt\u00e9 \u00e0 la fin du printemps, ce miel d&rsquo;acacia se distingue par sa robe limpide, sa douceur florale et sa finesse en bouche.<\/p>\n<p data-start=\"136\" data-end=\"432\">Ses ar\u00f4mes l\u00e9gers et son go\u00fbt d\u00e9licatement sucr\u00e9 en font un alli\u00e9 id\u00e9al pour sucrer naturellement vos boissons, yaourts ou p\u00e2tisseries, sans en masquer les saveurs.<\/p>\n<p data-start=\"434\" data-end=\"565\">Gr\u00e2ce \u00e0 sa texture fluide qui ne cristallise que tr\u00e8s lentement, il s\u00e9duit les gourmets \u00e0 la recherche d\u2019un miel subtil et \u00e9l\u00e9gant.<\/p>\n<p data-start=\"567\" data-end=\"637\">Une valeur s\u00fbre pour les palais en qu\u00eate de puret\u00e9 et de l\u00e9g\u00e8ret\u00e9.<\/p>\n","protected":false},"excerpt":{"rendered":"<p data-start=\"83\" data-end=\"151\">Un miel limpide et d\u00e9licatement sucr\u00e9, aux notes douces et florales.<\/p>\n<p data-start=\"153\" data-end=\"199\">Id\u00e9al pour les boissons, desserts ou tartines.<\/p>\n<p data-start=\"201\" data-end=\"247\" data-is-last-node=\"\" data-is-only-node=\"\">La finesse de l\u2019acacia dans chaque cuiller\u00e9e !<\/p>\n","protected":false},"featured_media":230,"comment_status":"open","ping_status":"closed","template":"","meta":{"_themeisle_gutenberg_block_has_review":false},"product_brand":[],"product_cat":[22],"product_tag":[20],"class_list":{"0":"post-229","1":"product","2":"type-product","3":"status-publish","4":"has-post-thumbnail","6":"product_cat-miel","7":"product_tag-miel","9":"first","10":"instock","11":"taxable","12":"shipping-taxable","13":"purchasable","14":"product-type-simple"},"_links":{"self":[{"href":"https:\/\/www.mielterresfroides.fr\/index.php\/wp-json\/wp\/v2\/product\/229","targetHints":{"allow":["GET"]}}],"collection":[{"href":"https:\/\/www.mielterresfroides.fr\/index.php\/wp-json\/wp\/v2\/product"}],"about":[{"href":"https:\/\/www.mielterresfroides.fr\/index.php\/wp-json\/wp\/v2\/types\/product"}],"replies":[{"embeddable":true,"href":"https:\/\/www.mielterresfroides.fr\/index.php\/wp-json\/wp\/v2\/comments?post=229"}],"wp:featuredmedia":[{"embeddable":true,"href":"https:\/\/www.mielterresfroides.fr\/index.php\/wp-json\/wp\/v2\/media\/230"}],"wp:attachment":[{"href":"https:\/\/www.mielterresfroides.fr\/index.php\/wp-json\/wp\/v2\/media?parent=229"}],"wp:term":[{"taxonomy":"product_brand","embeddable":true,"href":"https:\/\/www.mielterresfroides.fr\/index.php\/wp-json\/wp\/v2\/product_brand?post=229"},{"taxonomy":"product_cat","embeddable":true,"href":"https:\/\/www.mielterresfroides.fr\/index.php\/wp-json\/wp\/v2\/product_cat?post=229"},{"taxonomy":"product_tag","embeddable":true,"href":"https:\/\/www.mielterresfroides.fr\/index.php\/wp-json\/wp\/v2\/product_tag?post=229"}],"curies":[{"name":"wp","href":"https:\/\/api.w.org\/{rel}","templated":true}]}}