{"id":214,"date":"2025-05-19T13:53:13","date_gmt":"2025-05-19T13:53:13","guid":{"rendered":"https:\/\/www.mielterresfroides.fr\/?post_type=product&#038;p=214"},"modified":"2025-06-10T13:32:18","modified_gmt":"2025-06-10T13:32:18","slug":"miel-de-printemps","status":"publish","type":"product","link":"https:\/\/www.mielterresfroides.fr\/index.php\/produit\/miel-de-printemps\/","title":{"rendered":"Miel de Printemps &#8211; 500 g"},"content":{"rendered":"<p>R\u00e9colt\u00e9 \u00e0 la sortie de l\u2019hiver, ce miel clair et d\u00e9licat vous s\u00e9duira par sa texture onctueuse et ses ar\u00f4mes subtils de fleurs sauvages.<\/p>\n<p>Id\u00e9al pour sucrer vos yaourts, tartines ou infusions, il incarne toute la richesse d\u2019une nature renaissante.<\/p>\n<p>Un incontournable pour les amateurs de douceurs authentiques !<\/p>\n","protected":false},"excerpt":{"rendered":"<p>Un miel doux et floral, aux ar\u00f4mes l\u00e9gers de fleurs sauvages.<\/p>\n<p>Parfait pour les tartines, yaourts ou infusions.<\/p>\n<p>La fra\u00eecheur du printemps en pot !<\/p>\n","protected":false},"featured_media":232,"comment_status":"open","ping_status":"closed","template":"","meta":{"_themeisle_gutenberg_block_has_review":false},"product_brand":[],"product_cat":[22],"product_tag":[20],"class_list":{"0":"post-214","1":"product","2":"type-product","3":"status-publish","4":"has-post-thumbnail","6":"product_cat-miel","7":"product_tag-miel","9":"first","10":"instock","11":"taxable","12":"shipping-taxable","13":"purchasable","14":"product-type-simple"},"_links":{"self":[{"href":"https:\/\/www.mielterresfroides.fr\/index.php\/wp-json\/wp\/v2\/product\/214","targetHints":{"allow":["GET"]}}],"collection":[{"href":"https:\/\/www.mielterresfroides.fr\/index.php\/wp-json\/wp\/v2\/product"}],"about":[{"href":"https:\/\/www.mielterresfroides.fr\/index.php\/wp-json\/wp\/v2\/types\/product"}],"replies":[{"embeddable":true,"href":"https:\/\/www.mielterresfroides.fr\/index.php\/wp-json\/wp\/v2\/comments?post=214"}],"wp:featuredmedia":[{"embeddable":true,"href":"https:\/\/www.mielterresfroides.fr\/index.php\/wp-json\/wp\/v2\/media\/232"}],"wp:attachment":[{"href":"https:\/\/www.mielterresfroides.fr\/index.php\/wp-json\/wp\/v2\/media?parent=214"}],"wp:term":[{"taxonomy":"product_brand","embeddable":true,"href":"https:\/\/www.mielterresfroides.fr\/index.php\/wp-json\/wp\/v2\/product_brand?post=214"},{"taxonomy":"product_cat","embeddable":true,"href":"https:\/\/www.mielterresfroides.fr\/index.php\/wp-json\/wp\/v2\/product_cat?post=214"},{"taxonomy":"product_tag","embeddable":true,"href":"https:\/\/www.mielterresfroides.fr\/index.php\/wp-json\/wp\/v2\/product_tag?post=214"}],"curies":[{"name":"wp","href":"https:\/\/api.w.org\/{rel}","templated":true}]}}