{"id":24,"date":"2025-05-12T08:07:27","date_gmt":"2025-05-12T08:07:27","guid":{"rendered":"https:\/\/www.mielterresfroides.fr\/?page_id=24"},"modified":"2025-05-12T13:00:22","modified_gmt":"2025-05-12T13:00:22","slug":"miels","status":"publish","type":"page","link":"https:\/\/www.mielterresfroides.fr\/index.php\/miels\/","title":{"rendered":"Miels"},"content":{"rendered":"<div id=\"wp-block-themeisle-blocks-advanced-columns-55b78b58\" class=\"wp-block-themeisle-blocks-advanced-columns alignfull has-3-columns has-desktop-equal-layout has-tablet-equal-layout has-mobile-collapsedRows-layout has-vertical-center ticss-c00aadba\"><div class=\"wp-block-themeisle-blocks-advanced-columns-overlay\"><\/div><div class=\"innerblocks-wrap\"><div id=\"wp-block-themeisle-blocks-advanced-column-d16eef57\" class=\"wp-block-themeisle-blocks-advanced-column\"><div class=\"wp-block-image\"><figure class=\"aligncenter size-full is-resized\"><img fetchpriority=\"high\" decoding=\"async\" width=\"800\" height=\"800\" src=\"https:\/\/www.mielterresfroides.fr\/wp-content\/uploads\/2025\/05\/4.png\" alt=\"\" class=\"wp-image-179\" style=\"width:314px;height:auto\" srcset=\"https:\/\/www.mielterresfroides.fr\/wp-content\/uploads\/2025\/05\/4.png 800w, https:\/\/www.mielterresfroides.fr\/wp-content\/uploads\/2025\/05\/4-160x160.png 160w, https:\/\/www.mielterresfroides.fr\/wp-content\/uploads\/2025\/05\/4-600x600.png 600w, https:\/\/www.mielterresfroides.fr\/wp-content\/uploads\/2025\/05\/4-300x300.png 300w, https:\/\/www.mielterresfroides.fr\/wp-content\/uploads\/2025\/05\/4-150x150.png 150w, https:\/\/www.mielterresfroides.fr\/wp-content\/uploads\/2025\/05\/4-768x768.png 768w\" sizes=\"(max-width: 800px) 100vw, 800px\" \/><\/figure><\/div>\n\n<h3 id=\"wp-block-themeisle-blocks-advanced-heading-af4a6933\" class=\"wp-block-themeisle-blocks-advanced-heading wp-block-themeisle-blocks-advanced-heading-af4a6933\">Miel d&rsquo;Acacia<\/h3>\n\n<p class=\"has-text-align-center\">Un miel clair et doux, au go\u00fbt d\u00e9licat. Id\u00e9al pour sucrer naturellement sans masquer les saveurs.<\/p>\n\n<div class=\"wp-block-buttons is-content-justification-center is-layout-flex wp-container-core-buttons-is-layout-a89b3969 wp-block-buttons-is-layout-flex\"><div class=\"wp-block-button is-style-primary\"><a class=\"wp-block-button__link wp-element-button\">Commander<\/a><\/div><\/div><\/div>\n\n<div id=\"wp-block-themeisle-blocks-advanced-column-bd1b0b6b\" class=\"wp-block-themeisle-blocks-advanced-column\"><div class=\"wp-block-image\"><figure class=\"aligncenter size-full\"><img decoding=\"async\" width=\"800\" height=\"800\" src=\"https:\/\/www.mielterresfroides.fr\/wp-content\/uploads\/2025\/05\/miel-lavand.png\" alt=\"\" class=\"wp-image-180\" srcset=\"https:\/\/www.mielterresfroides.fr\/wp-content\/uploads\/2025\/05\/miel-lavand.png 800w, https:\/\/www.mielterresfroides.fr\/wp-content\/uploads\/2025\/05\/miel-lavand-160x160.png 160w, https:\/\/www.mielterresfroides.fr\/wp-content\/uploads\/2025\/05\/miel-lavand-600x600.png 600w, https:\/\/www.mielterresfroides.fr\/wp-content\/uploads\/2025\/05\/miel-lavand-300x300.png 300w, https:\/\/www.mielterresfroides.fr\/wp-content\/uploads\/2025\/05\/miel-lavand-150x150.png 150w, https:\/\/www.mielterresfroides.fr\/wp-content\/uploads\/2025\/05\/miel-lavand-768x768.png 768w\" sizes=\"(max-width: 800px) 100vw, 800px\" \/><\/figure><\/div>\n\n<h3 id=\"wp-block-themeisle-blocks-advanced-heading-112ba0b0\" class=\"wp-block-themeisle-blocks-advanced-heading wp-block-themeisle-blocks-advanced-heading-112ba0b0\">Miel de Lavande<\/h3>\n\n<p class=\"has-text-align-center\">Un parfum intense, une texture fondante et un go\u00fbt floral typique. Un classique aux notes du Sud.<\/p>\n\n<div class=\"wp-block-buttons is-content-justification-center is-layout-flex wp-container-core-buttons-is-layout-a89b3969 wp-block-buttons-is-layout-flex\"><div class=\"wp-block-button is-style-primary\"><a class=\"wp-block-button__link wp-element-button\">Commander<\/a><\/div><\/div><\/div>\n\n<div id=\"wp-block-themeisle-blocks-advanced-column-07b3d357\" class=\"wp-block-themeisle-blocks-advanced-column\"><div class=\"wp-block-image\"><figure class=\"aligncenter size-full\"><img decoding=\"async\" width=\"800\" height=\"800\" src=\"https:\/\/www.mielterresfroides.fr\/wp-content\/uploads\/2025\/05\/miel-printemps.png\" alt=\"\" class=\"wp-image-181\" srcset=\"https:\/\/www.mielterresfroides.fr\/wp-content\/uploads\/2025\/05\/miel-printemps.png 800w, https:\/\/www.mielterresfroides.fr\/wp-content\/uploads\/2025\/05\/miel-printemps-160x160.png 160w, https:\/\/www.mielterresfroides.fr\/wp-content\/uploads\/2025\/05\/miel-printemps-600x600.png 600w, https:\/\/www.mielterresfroides.fr\/wp-content\/uploads\/2025\/05\/miel-printemps-300x300.png 300w, https:\/\/www.mielterresfroides.fr\/wp-content\/uploads\/2025\/05\/miel-printemps-150x150.png 150w, https:\/\/www.mielterresfroides.fr\/wp-content\/uploads\/2025\/05\/miel-printemps-768x768.png 768w\" sizes=\"(max-width: 800px) 100vw, 800px\" \/><\/figure><\/div>\n\n<h3 id=\"wp-block-themeisle-blocks-advanced-heading-c1dd424b\" class=\"wp-block-themeisle-blocks-advanced-heading wp-block-themeisle-blocks-advanced-heading-c1dd424b\">Miel de Printemps<\/h3>\n\n<p class=\"has-text-align-center\">Cr\u00e9meux et floral, c\u2019est le miel des premi\u00e8res fleurs. Doux, \u00e9quilibr\u00e9 et tr\u00e8s appr\u00e9ci\u00e9 au petit d\u00e9jeuner.<\/p>\n\n<div class=\"wp-block-buttons is-content-justification-center is-layout-flex wp-container-core-buttons-is-layout-a89b3969 wp-block-buttons-is-layout-flex\"><div class=\"wp-block-button is-style-primary\"><a class=\"wp-block-button__link wp-element-button\">Commander<\/a><\/div><\/div><\/div><\/div><\/div><p><\/p>","protected":false},"excerpt":{"rendered":"","protected":false},"author":1,"featured_media":0,"parent":0,"menu_order":0,"comment_status":"closed","ping_status":"closed","template":"","meta":{"_themeisle_gutenberg_block_has_review":false,"footnotes":""},"class_list":["post-24","page","type-page","status-publish","hentry"],"_links":{"self":[{"href":"https:\/\/www.mielterresfroides.fr\/index.php\/wp-json\/wp\/v2\/pages\/24","targetHints":{"allow":["GET"]}}],"collection":[{"href":"https:\/\/www.mielterresfroides.fr\/index.php\/wp-json\/wp\/v2\/pages"}],"about":[{"href":"https:\/\/www.mielterresfroides.fr\/index.php\/wp-json\/wp\/v2\/types\/page"}],"author":[{"embeddable":true,"href":"https:\/\/www.mielterresfroides.fr\/index.php\/wp-json\/wp\/v2\/users\/1"}],"replies":[{"embeddable":true,"href":"https:\/\/www.mielterresfroides.fr\/index.php\/wp-json\/wp\/v2\/comments?post=24"}],"version-history":[{"count":4,"href":"https:\/\/www.mielterresfroides.fr\/index.php\/wp-json\/wp\/v2\/pages\/24\/revisions"}],"predecessor-version":[{"id":184,"href":"https:\/\/www.mielterresfroides.fr\/index.php\/wp-json\/wp\/v2\/pages\/24\/revisions\/184"}],"wp:attachment":[{"href":"https:\/\/www.mielterresfroides.fr\/index.php\/wp-json\/wp\/v2\/media?parent=24"}],"curies":[{"name":"wp","href":"https:\/\/api.w.org\/{rel}","templated":true}]}}